{"id":38,"date":"2021-03-10T09:28:48","date_gmt":"2021-03-10T09:28:48","guid":{"rendered":"https:\/\/apusthemes.com\/wp-demo\/superio\/?page_id=38"},"modified":"2025-04-29T00:21:18","modified_gmt":"2025-04-29T00:21:18","slug":"terminos-y-condiciones-de-uso","status":"publish","type":"page","link":"https:\/\/unioninformatica.org\/bolsatrabajo\/terminos-y-condiciones-de-uso\/","title":{"rendered":"T\u00e9rminos y Condiciones de Uso"},"content":{"rendered":"\t\t<div data-elementor-type=\"wp-page\" data-elementor-id=\"38\" class=\"elementor elementor-38\">\n\t\t\t\t\t\t<section class=\"elementor-section elementor-top-section elementor-element elementor-element-2e81926 elementor-section-stretched elementor-section-boxed elementor-section-height-default elementor-section-height-default\" data-id=\"2e81926\" data-element_type=\"section\" data-settings=\"{&quot;stretch_section&quot;:&quot;section-stretched&quot;}\">\n\t\t\t\t\t\t<div class=\"elementor-container elementor-column-gap-extended\">\n\t\t\t\t\t<div class=\"elementor-column elementor-col-100 elementor-top-column elementor-element elementor-element-7ebfa76\" data-id=\"7ebfa76\" data-element_type=\"column\">\n\t\t\t<div class=\"elementor-widget-wrap elementor-element-populated\">\n\t\t\t\t\t\t<div class=\"elementor-element elementor-element-9c6216e elementor-widget elementor-widget-heading\" data-id=\"9c6216e\" data-element_type=\"widget\" data-widget_type=\"heading.default\">\n\t\t\t\t<div class=\"elementor-widget-container\">\n\t\t\t\t\t<h2 class=\"elementor-heading-title elementor-size-default\">1. Aceptaci\u00f3n de los T\u00e9rminos\n<\/h2>\t\t\t\t<\/div>\n\t\t\t\t<\/div>\n\t\t\t\t<div class=\"elementor-element elementor-element-9afb672 elementor-widget elementor-widget-text-editor\" data-id=\"9afb672\" data-element_type=\"widget\" data-widget_type=\"text-editor.default\">\n\t\t\t\t<div class=\"elementor-widget-container\">\n\t\t\t\t\t\t\t\t\t<p class=\"\" data-start=\"234\" data-end=\"476\">Al acceder, registrarse o utilizar el portal de Bolsa de Trabajo de Uni\u00f3n Inform\u00e1tica (\u00abel Sitio\u00bb), usted acepta cumplir y quedar obligado legalmente por los presentes T\u00e9rminos y Condiciones de Uso, junto con nuestras Pol\u00edticas de Privacidad.<\/p><p class=\"\" data-start=\"478\" data-end=\"559\">Si no est\u00e1 de acuerdo con estos t\u00e9rminos, le solicitamos que no utilice el Sitio.<\/p>\t\t\t\t\t\t\t\t<\/div>\n\t\t\t\t<\/div>\n\t\t\t\t\t<\/div>\n\t\t<\/div>\n\t\t\t\t\t<\/div>\n\t\t<\/section>\n\t\t\t\t<section class=\"elementor-section elementor-top-section elementor-element elementor-element-eeb7765 elementor-section-stretched elementor-section-boxed elementor-section-height-default elementor-section-height-default\" data-id=\"eeb7765\" data-element_type=\"section\" data-settings=\"{&quot;stretch_section&quot;:&quot;section-stretched&quot;}\">\n\t\t\t\t\t\t<div class=\"elementor-container elementor-column-gap-extended\">\n\t\t\t\t\t<div class=\"elementor-column elementor-col-100 elementor-top-column elementor-element elementor-element-9340626\" data-id=\"9340626\" data-element_type=\"column\">\n\t\t\t<div class=\"elementor-widget-wrap elementor-element-populated\">\n\t\t\t\t\t\t<div class=\"elementor-element elementor-element-3a1c4ba elementor-widget elementor-widget-heading\" data-id=\"3a1c4ba\" data-element_type=\"widget\" data-widget_type=\"heading.default\">\n\t\t\t\t<div class=\"elementor-widget-container\">\n\t\t\t\t\t<h2 class=\"elementor-heading-title elementor-size-default\">2. Alcance y Limitaciones del Servicio\n<\/h2>\t\t\t\t<\/div>\n\t\t\t\t<\/div>\n\t\t\t\t<div class=\"elementor-element elementor-element-0035d8d elementor-widget elementor-widget-text-editor\" data-id=\"0035d8d\" data-element_type=\"widget\" data-widget_type=\"text-editor.default\">\n\t\t\t\t<div class=\"elementor-widget-container\">\n\t\t\t\t\t\t\t\t\t<p class=\"\" data-start=\"609\" data-end=\"953\">El Sitio tiene como finalidad facilitar el encuentro entre personas que buscan empleo (\u00abUsuarios\u00bb) y empleadores que ofrecen oportunidades laborales (\u00abEmpleadores\u00bb).<br data-start=\"774\" data-end=\"777\" \/>Uni\u00f3n Inform\u00e1tica no participa en el proceso de contrataci\u00f3n ni garantiza la veracidad, calidad, licitud o vigencia de las ofertas de empleo ni de las postulaciones realizadas.<\/p><p class=\"\" data-start=\"955\" data-end=\"1114\">La utilizaci\u00f3n del Sitio no genera relaci\u00f3n laboral, de intermediaci\u00f3n, agencia, asociaci\u00f3n o sociedad entre los Usuarios, los Empleadores y Uni\u00f3n Inform\u00e1tica.<\/p><p class=\"\" data-start=\"1116\" data-end=\"1327\">El Usuario reconoce que toda negociaci\u00f3n, contrataci\u00f3n o relaci\u00f3n generada a trav\u00e9s del Sitio se realiza de manera directa entre las partes involucradas, sin intervenci\u00f3n ni responsabilidad de Uni\u00f3n Inform\u00e1tica.<\/p>\t\t\t\t\t\t\t\t<\/div>\n\t\t\t\t<\/div>\n\t\t\t\t\t<\/div>\n\t\t<\/div>\n\t\t\t\t\t<\/div>\n\t\t<\/section>\n\t\t\t\t<section class=\"elementor-section elementor-top-section elementor-element elementor-element-0c1b6a4 elementor-section-stretched elementor-section-boxed elementor-section-height-default elementor-section-height-default\" data-id=\"0c1b6a4\" data-element_type=\"section\" data-settings=\"{&quot;stretch_section&quot;:&quot;section-stretched&quot;}\">\n\t\t\t\t\t\t<div class=\"elementor-container elementor-column-gap-extended\">\n\t\t\t\t\t<div class=\"elementor-column elementor-col-100 elementor-top-column elementor-element elementor-element-fb33fe2\" data-id=\"fb33fe2\" data-element_type=\"column\">\n\t\t\t<div class=\"elementor-widget-wrap elementor-element-populated\">\n\t\t\t\t\t\t<div class=\"elementor-element elementor-element-da4acf2 elementor-widget elementor-widget-heading\" data-id=\"da4acf2\" data-element_type=\"widget\" data-widget_type=\"heading.default\">\n\t\t\t\t<div class=\"elementor-widget-container\">\n\t\t\t\t\t<h2 class=\"elementor-heading-title elementor-size-default\">3. Obligaciones de los Usuarios\n<\/h2>\t\t\t\t<\/div>\n\t\t\t\t<\/div>\n\t\t\t\t<div class=\"elementor-element elementor-element-f8b189d elementor-widget elementor-widget-text-editor\" data-id=\"f8b189d\" data-element_type=\"widget\" data-widget_type=\"text-editor.default\">\n\t\t\t\t<div class=\"elementor-widget-container\">\n\t\t\t\t\t\t\t\t\t<p class=\"\" data-start=\"1370\" data-end=\"1419\">Al utilizar el Sitio, el Usuario se compromete a:<\/p><ul data-start=\"1421\" data-end=\"1735\"><li class=\"\" data-start=\"1421\" data-end=\"1482\"><p class=\"\" data-start=\"1423\" data-end=\"1482\">Brindar informaci\u00f3n veraz, precisa, actualizada y completa.<\/p><\/li><li class=\"\" data-start=\"1483\" data-end=\"1605\"><p class=\"\" data-start=\"1485\" data-end=\"1605\">Abstenerse de utilizar el Sitio para fines il\u00edcitos, fraudulentos, discriminatorios o que vulneren derechos de terceros.<\/p><\/li><li class=\"\" data-start=\"1606\" data-end=\"1735\"><p class=\"\" data-start=\"1608\" data-end=\"1735\">Respetar los t\u00e9rminos de las ofertas laborales y no utilizar informaci\u00f3n obtenida a trav\u00e9s del Sitio para fines no autorizados.<\/p><\/li><\/ul><p class=\"\" data-start=\"1737\" data-end=\"1878\">Uni\u00f3n Inform\u00e1tica se reserva el derecho de suspender o cancelar el acceso de cualquier Usuario que incumpla estos t\u00e9rminos, sin previo aviso.<\/p>\t\t\t\t\t\t\t\t<\/div>\n\t\t\t\t<\/div>\n\t\t\t\t\t<\/div>\n\t\t<\/div>\n\t\t\t\t\t<\/div>\n\t\t<\/section>\n\t\t\t\t<section class=\"elementor-section elementor-top-section elementor-element elementor-element-d163b5f elementor-section-stretched elementor-section-boxed elementor-section-height-default elementor-section-height-default\" data-id=\"d163b5f\" data-element_type=\"section\" data-settings=\"{&quot;stretch_section&quot;:&quot;section-stretched&quot;}\">\n\t\t\t\t\t\t<div class=\"elementor-container elementor-column-gap-extended\">\n\t\t\t\t\t<div class=\"elementor-column elementor-col-100 elementor-top-column elementor-element elementor-element-121a933\" data-id=\"121a933\" data-element_type=\"column\">\n\t\t\t<div class=\"elementor-widget-wrap elementor-element-populated\">\n\t\t\t\t\t\t<div class=\"elementor-element elementor-element-25ae896 elementor-widget elementor-widget-heading\" data-id=\"25ae896\" data-element_type=\"widget\" data-widget_type=\"heading.default\">\n\t\t\t\t<div class=\"elementor-widget-container\">\n\t\t\t\t\t<h2 class=\"elementor-heading-title elementor-size-default\">4. Exclusi\u00f3n de Responsabilidad\n<\/h2>\t\t\t\t<\/div>\n\t\t\t\t<\/div>\n\t\t\t\t<div class=\"elementor-element elementor-element-74a62b3 elementor-widget elementor-widget-text-editor\" data-id=\"74a62b3\" data-element_type=\"widget\" data-widget_type=\"text-editor.default\">\n\t\t\t\t<div class=\"elementor-widget-container\">\n\t\t\t\t\t\t\t\t\t<p class=\"\" data-start=\"1921\" data-end=\"2031\">Uni\u00f3n Inform\u00e1tica no garantiza la disponibilidad, continuidad ni infalibilidad del Sitio ni de sus contenidos.<\/p><p class=\"\" data-start=\"2033\" data-end=\"2136\">Asimismo, no ser\u00e1 responsable por da\u00f1os y perjuicios de cualquier naturaleza que pudieran derivarse de:<\/p><ul data-start=\"2138\" data-end=\"2337\"><li class=\"\" data-start=\"2138\" data-end=\"2238\"><p class=\"\" data-start=\"2140\" data-end=\"2238\">La falta de veracidad, vigencia o autenticidad de los datos publicados por Usuarios o Empleadores.<\/p><\/li><li class=\"\" data-start=\"2239\" data-end=\"2279\"><p class=\"\" data-start=\"2241\" data-end=\"2279\">Fallas en el funcionamiento del Sitio.<\/p><\/li><li class=\"\" data-start=\"2280\" data-end=\"2337\"><p class=\"\" data-start=\"2282\" data-end=\"2337\">Cualquier acto u omisi\u00f3n de los Usuarios o Empleadores.<\/p><\/li><\/ul>\t\t\t\t\t\t\t\t<\/div>\n\t\t\t\t<\/div>\n\t\t\t\t\t<\/div>\n\t\t<\/div>\n\t\t\t\t\t<\/div>\n\t\t<\/section>\n\t\t\t\t<section class=\"elementor-section elementor-top-section elementor-element elementor-element-ee60bb3 elementor-section-stretched elementor-section-boxed elementor-section-height-default elementor-section-height-default\" data-id=\"ee60bb3\" data-element_type=\"section\" data-settings=\"{&quot;stretch_section&quot;:&quot;section-stretched&quot;}\">\n\t\t\t\t\t\t<div class=\"elementor-container elementor-column-gap-extended\">\n\t\t\t\t\t<div class=\"elementor-column elementor-col-100 elementor-top-column elementor-element elementor-element-a5fde54\" data-id=\"a5fde54\" data-element_type=\"column\">\n\t\t\t<div class=\"elementor-widget-wrap elementor-element-populated\">\n\t\t\t\t\t\t<div class=\"elementor-element elementor-element-b0f125f elementor-widget elementor-widget-heading\" data-id=\"b0f125f\" data-element_type=\"widget\" data-widget_type=\"heading.default\">\n\t\t\t\t<div class=\"elementor-widget-container\">\n\t\t\t\t\t<h2 class=\"elementor-heading-title elementor-size-default\">5. Propiedad Intelectual\n<\/h2>\t\t\t\t<\/div>\n\t\t\t\t<\/div>\n\t\t\t\t<div class=\"elementor-element elementor-element-c5aa27a elementor-widget elementor-widget-text-editor\" data-id=\"c5aa27a\" data-element_type=\"widget\" data-widget_type=\"text-editor.default\">\n\t\t\t\t<div class=\"elementor-widget-container\">\n\t\t\t\t\t\t\t\t\t<p class=\"\" data-start=\"2373\" data-end=\"2619\">Todos los contenidos, textos, im\u00e1genes, logotipos, marcas y elementos gr\u00e1ficos del Sitio son propiedad de Uni\u00f3n Inform\u00e1tica o de sus respectivos titulares, y se encuentran protegidos por la legislaci\u00f3n vigente en materia de propiedad intelectual.<\/p><p class=\"\" data-start=\"2621\" data-end=\"2775\">Queda prohibida la reproducci\u00f3n total o parcial, distribuci\u00f3n, comunicaci\u00f3n p\u00fablica o modificaci\u00f3n de dichos contenidos sin autorizaci\u00f3n previa y expresa.<\/p>\t\t\t\t\t\t\t\t<\/div>\n\t\t\t\t<\/div>\n\t\t\t\t\t<\/div>\n\t\t<\/div>\n\t\t\t\t\t<\/div>\n\t\t<\/section>\n\t\t\t\t<section class=\"elementor-section elementor-top-section elementor-element elementor-element-6a09728 elementor-section-stretched elementor-section-boxed elementor-section-height-default elementor-section-height-default\" data-id=\"6a09728\" data-element_type=\"section\" data-settings=\"{&quot;stretch_section&quot;:&quot;section-stretched&quot;}\">\n\t\t\t\t\t\t<div class=\"elementor-container elementor-column-gap-extended\">\n\t\t\t\t\t<div class=\"elementor-column elementor-col-100 elementor-top-column elementor-element elementor-element-38a2857\" data-id=\"38a2857\" data-element_type=\"column\">\n\t\t\t<div class=\"elementor-widget-wrap elementor-element-populated\">\n\t\t\t\t\t\t<div class=\"elementor-element elementor-element-f8f9d35 elementor-widget elementor-widget-heading\" data-id=\"f8f9d35\" data-element_type=\"widget\" data-widget_type=\"heading.default\">\n\t\t\t\t<div class=\"elementor-widget-container\">\n\t\t\t\t\t<h2 class=\"elementor-heading-title elementor-size-default\">6. Modificaciones de los T\u00e9rminos\n<\/h2>\t\t\t\t<\/div>\n\t\t\t\t<\/div>\n\t\t\t\t<div class=\"elementor-element elementor-element-b31e86e elementor-widget elementor-widget-text-editor\" data-id=\"b31e86e\" data-element_type=\"widget\" data-widget_type=\"text-editor.default\">\n\t\t\t\t<div class=\"elementor-widget-container\">\n\t\t\t\t\t\t\t\t\t<p class=\"\" data-start=\"2820\" data-end=\"2942\">Uni\u00f3n Inform\u00e1tica podr\u00e1 actualizar o modificar estos T\u00e9rminos y Condiciones en cualquier momento, a su exclusivo criterio.<\/p><p class=\"\" data-start=\"2944\" data-end=\"3107\">Las modificaciones ser\u00e1n efectivas desde su publicaci\u00f3n en el Sitio.<br data-start=\"3012\" data-end=\"3015\" \/>Se recomienda a los Usuarios revisar peri\u00f3dicamente esta secci\u00f3n para mantenerse informados.<\/p>\t\t\t\t\t\t\t\t<\/div>\n\t\t\t\t<\/div>\n\t\t\t\t\t<\/div>\n\t\t<\/div>\n\t\t\t\t\t<\/div>\n\t\t<\/section>\n\t\t\t\t<\/div>\n\t\t","protected":false},"excerpt":{"rendered":"<p>1. Aceptaci\u00f3n de los T\u00e9rminos Al acceder, registrarse o utilizar el portal de Bolsa de Trabajo de Uni\u00f3n Inform\u00e1tica (\u00abel Sitio\u00bb), usted acepta cumplir y quedar obligado legalmente por los presentes T\u00e9rminos y Condiciones de Uso, junto con nuestras Pol\u00edticas de Privacidad. Si no est\u00e1 de acuerdo con estos t\u00e9rminos, le solicitamos que no utilice [&hellip;]<\/p>\n","protected":false},"author":1,"featured_media":0,"parent":0,"menu_order":0,"comment_status":"closed","ping_status":"closed","template":"","meta":{"footnotes":""},"class_list":["post-38","page","type-page","status-publish","hentry"],"_links":{"self":[{"href":"https:\/\/unioninformatica.org\/bolsatrabajo\/wp-json\/wp\/v2\/pages\/38","targetHints":{"allow":["GET"]}}],"collection":[{"href":"https:\/\/unioninformatica.org\/bolsatrabajo\/wp-json\/wp\/v2\/pages"}],"about":[{"href":"https:\/\/unioninformatica.org\/bolsatrabajo\/wp-json\/wp\/v2\/types\/page"}],"author":[{"embeddable":true,"href":"https:\/\/unioninformatica.org\/bolsatrabajo\/wp-json\/wp\/v2\/users\/1"}],"replies":[{"embeddable":true,"href":"https:\/\/unioninformatica.org\/bolsatrabajo\/wp-json\/wp\/v2\/comments?post=38"}],"version-history":[{"count":7,"href":"https:\/\/unioninformatica.org\/bolsatrabajo\/wp-json\/wp\/v2\/pages\/38\/revisions"}],"predecessor-version":[{"id":8836,"href":"https:\/\/unioninformatica.org\/bolsatrabajo\/wp-json\/wp\/v2\/pages\/38\/revisions\/8836"}],"wp:attachment":[{"href":"https:\/\/unioninformatica.org\/bolsatrabajo\/wp-json\/wp\/v2\/media?parent=38"}],"curies":[{"name":"wp","href":"https:\/\/api.w.org\/{rel}","templated":true}]}}